{"id":2261,"date":"2022-07-02T12:54:58","date_gmt":"2022-07-02T16:54:58","guid":{"rendered":"https:\/\/www.fullcopyconvert.com.br\/wp\/?post_type=product&#038;p=2261"},"modified":"2022-07-02T17:31:51","modified_gmt":"2022-07-02T21:31:51","slug":"licenca-vitalicia-fullcopyconvert-data-1um-ano-de-atualizacoes","status":"publish","type":"product","link":"https:\/\/www.fullcopyconvert.com.br\/wp\/?product=licenca-vitalicia-fullcopyconvert-data-1um-ano-de-atualizacoes","title":{"rendered":"Licen\u00e7a Vital\u00edcia FullCopyConvert Data + 1(Um) Ano de Atualiza\u00e7\u00f5es"},"content":{"rendered":"","protected":false},"excerpt":{"rendered":"<p>Licen\u00e7a poder\u00e1 ser parcelada em <span style=\"color: #ff0000;\">10 x R$ 229,90<\/span><\/p>\n","protected":false},"featured_media":2074,"template":"","meta":[],"product_brand":[],"product_cat":[198],"product_tag":[],"class_list":{"0":"post-2261","1":"product","2":"type-product","3":"status-publish","4":"has-post-thumbnail","6":"product_cat-licencas","8":"first","9":"instock","10":"virtual","11":"purchasable","12":"product-type-simple"},"_links":{"self":[{"href":"https:\/\/www.fullcopyconvert.com.br\/wp\/index.php?rest_route=\/wp\/v2\/product\/2261","targetHints":{"allow":["GET"]}}],"collection":[{"href":"https:\/\/www.fullcopyconvert.com.br\/wp\/index.php?rest_route=\/wp\/v2\/product"}],"about":[{"href":"https:\/\/www.fullcopyconvert.com.br\/wp\/index.php?rest_route=\/wp\/v2\/types\/product"}],"wp:featuredmedia":[{"embeddable":true,"href":"https:\/\/www.fullcopyconvert.com.br\/wp\/index.php?rest_route=\/wp\/v2\/media\/2074"}],"wp:attachment":[{"href":"https:\/\/www.fullcopyconvert.com.br\/wp\/index.php?rest_route=%2Fwp%2Fv2%2Fmedia&parent=2261"}],"wp:term":[{"taxonomy":"product_brand","embeddable":true,"href":"https:\/\/www.fullcopyconvert.com.br\/wp\/index.php?rest_route=%2Fwp%2Fv2%2Fproduct_brand&post=2261"},{"taxonomy":"product_cat","embeddable":true,"href":"https:\/\/www.fullcopyconvert.com.br\/wp\/index.php?rest_route=%2Fwp%2Fv2%2Fproduct_cat&post=2261"},{"taxonomy":"product_tag","embeddable":true,"href":"https:\/\/www.fullcopyconvert.com.br\/wp\/index.php?rest_route=%2Fwp%2Fv2%2Fproduct_tag&post=2261"}],"curies":[{"name":"wp","href":"https:\/\/api.w.org\/{rel}","templated":true}]}}