{"id":2254,"date":"2022-07-02T12:19:04","date_gmt":"2022-07-02T16:19:04","guid":{"rendered":"https:\/\/www.fullcopyconvert.com.br\/wp\/?post_type=product&#038;p=2254"},"modified":"2022-07-02T17:35:50","modified_gmt":"2022-07-02T21:35:50","slug":"licenca-para-1-mes-de-uso-fullcopyconvert-data","status":"publish","type":"product","link":"https:\/\/www.fullcopyconvert.com.br\/wp\/?product=licenca-para-1-mes-de-uso-fullcopyconvert-data","title":{"rendered":"Licen\u00e7a para 1(Um) M\u00eas de Uso FullCopyConvert Data."},"content":{"rendered":"","protected":false},"excerpt":{"rendered":"<p>Licen\u00e7a poder\u00e1 ser parcelada em <span style=\"color: #ff0000;\">10 x\u00a0R$ 9,90<\/span><\/p>\n<p><strong>FullCopyConvert<\/strong> \u00e9 um Framework especializado em convers\u00e3o e migra\u00e7\u00e3o de dados, oferece uma forma confort\u00e1vel e f\u00e1cil de converter suas informa\u00e7\u00f5es de um banco de dados para outro.<\/p>\n","protected":false},"featured_media":2074,"template":"","meta":[],"product_brand":[],"product_cat":[198],"product_tag":[],"class_list":{"0":"post-2254","1":"product","2":"type-product","3":"status-publish","4":"has-post-thumbnail","6":"product_cat-licencas","8":"first","9":"instock","10":"virtual","11":"purchasable","12":"product-type-simple"},"_links":{"self":[{"href":"https:\/\/www.fullcopyconvert.com.br\/wp\/index.php?rest_route=\/wp\/v2\/product\/2254","targetHints":{"allow":["GET"]}}],"collection":[{"href":"https:\/\/www.fullcopyconvert.com.br\/wp\/index.php?rest_route=\/wp\/v2\/product"}],"about":[{"href":"https:\/\/www.fullcopyconvert.com.br\/wp\/index.php?rest_route=\/wp\/v2\/types\/product"}],"wp:featuredmedia":[{"embeddable":true,"href":"https:\/\/www.fullcopyconvert.com.br\/wp\/index.php?rest_route=\/wp\/v2\/media\/2074"}],"wp:attachment":[{"href":"https:\/\/www.fullcopyconvert.com.br\/wp\/index.php?rest_route=%2Fwp%2Fv2%2Fmedia&parent=2254"}],"wp:term":[{"taxonomy":"product_brand","embeddable":true,"href":"https:\/\/www.fullcopyconvert.com.br\/wp\/index.php?rest_route=%2Fwp%2Fv2%2Fproduct_brand&post=2254"},{"taxonomy":"product_cat","embeddable":true,"href":"https:\/\/www.fullcopyconvert.com.br\/wp\/index.php?rest_route=%2Fwp%2Fv2%2Fproduct_cat&post=2254"},{"taxonomy":"product_tag","embeddable":true,"href":"https:\/\/www.fullcopyconvert.com.br\/wp\/index.php?rest_route=%2Fwp%2Fv2%2Fproduct_tag&post=2254"}],"curies":[{"name":"wp","href":"https:\/\/api.w.org\/{rel}","templated":true}]}}