{"id":761,"date":"2015-05-30T17:08:37","date_gmt":"2015-05-30T21:08:37","guid":{"rendered":"http:\/\/www.fullcopyconvert.com.br\/wp\/?page_id=761"},"modified":"2019-01-24T19:15:14","modified_gmt":"2019-01-24T22:15:14","slug":"manuais","status":"publish","type":"page","link":"https:\/\/www.fullcopyconvert.com.br\/wp\/?page_id=761","title":{"rendered":"Manuais"},"content":{"rendered":"<p>\u2013 <a title=\"Manual Instala\u00e7\u00e3o, Atualiza\u00e7\u00e3o e Configura\u00e7\u00e3o FullCopyConvert\" href=\"http:\/\/www.fullcopyconvert.com.br\/DownloadFullCopyConvert\/Manual%20Instala%C3%A7%C3%A3o%20FullCopyConvert.pdf\" target=\"_blank\" rel=\"noopener\">Clique Aqui<\/a> e acesse o&nbsp;Manual <strong>Instala\u00e7\u00e3o, Atualiza\u00e7\u00e3o e Configura\u00e7\u00e3o<\/strong> do FullCopyConvert.<br \/>\n\u2013 <a title=\"Quick Start FullCopyConvert\" href=\"http:\/\/www.fullcopyconvert.com.br\/DownloadFullCopyConvert\/FullCopyConvert Quick Start.pdf\" target=\"_blank\" rel=\"noopener\">Clique Aqui<\/a> e acesse o <strong>Quick Start<\/strong> do FullCopyConvert.<br \/>\n\u2013 <a title=\"Manual Recurso FullCopyConvert\" href=\"http:\/\/www.fullcopyconvert.com.br\/DownloadFullCopyConvert\/FullCopyConvert - Migrando Dados Excel.pdf\" target=\"_blank\" rel=\"noopener\">Clique Aqui<\/a>&nbsp;e Acesse o Manual <strong>Migrando Dados Excel.<\/strong><br \/>\n\u2013 <a title=\"Manual Recurso FullCopyConvert\" href=\"http:\/\/www.fullcopyconvert.com.br\/DownloadFullCopyConvert\/FullCopyConvert - Migrando Dados XML.pdf\" target=\"_blank\" rel=\"noopener\">Clique Aqui<\/a>&nbsp;e Acesse o Manual <strong>Migrando Dados XML.<\/strong><br \/>\n\u2013 <a title=\"Orienta\u00e7\u00f5es geral FullCopyConvert\" href=\"http:\/\/www.fullcopyconvert.com.br\/DownloadFullCopyConvert\/Orienta\u00e7\u00f5es FullCopyConvert.pdf\" target=\"_blank\" rel=\"noopener\">Clique Aqui<\/a> e acesse o <strong>Orienta\u00e7\u00f5es Gerais <\/strong>FullCopyConvert.<br \/>\n\u2013 <a title=\"Manual Transfer\u00eancia Registro Esta\u00e7\u00e3o\" href=\"http:\/\/www.fullcopyconvert.com.br\/DownloadFullCopyConvert\/Manual%20Transfer%C3%AAncia%20Registro%20Esta%C3%A7%C3%A3o.pdf\" target=\"_blank\" rel=\"noopener\">Clique Aqui<\/a> e acesse o&nbsp;Manual de como <strong>transferir o registro<\/strong> de uma esta\u00e7\u00e3o de trabalho para outra.<br \/>\n\u2013 <a title=\"Manual Recurso FullCopyConvert\" href=\"http:\/\/www.fullcopyconvert.com.br\/DownloadFullCopyConvert\/Manual%20Recurso%20FullCopyConvert%20Atualizar%20ou%20Inserir%20dados%20Tabelas.pdf\" target=\"_blank\" rel=\"noopener\">Clique Aqui<\/a>&nbsp;e acesse o Manual Recurso FullCopyConvert <strong>Atualizar ou Inserir dados Tabelas<\/strong>.<br \/>\n\u2013 <a title=\"Manual Corrigindo Erros de Conex\u00e3o SQL Server FullCopyConvert\" href=\"http:\/\/www.fullcopyconvert.com.br\/DownloadFullCopyConvert\/Manual Corrigindo Erros de Conex\u00e3o SQLServer FullCopyConvert .pdf\" target=\"_blank\" rel=\"noopener\">Clique Aqui<\/a> e acesse o&nbsp;Manual Corrigindo <strong>Erros de Conex\u00e3o SQL Server<\/strong> FullCopyConvert.<br \/>\n\u2013 <a title=\"Manual Corrigindo Erros de Conex\u00e3o MySQL FullCopyConvert\" href=\"http:\/\/www.fullcopyconvert.com.br\/DownloadFullCopyConvert\/FullCopyConvert - Corrigindo Erros Conex\u00e3o MySQL 8.pdf\" target=\"_blank\" rel=\"noopener\">Clique Aqui<\/a> e acesse o&nbsp;Manual Corrigindo <strong>Erros de Conex\u00e3o MySQL<\/strong> FullCopyConvert.<br \/>\n\u2013 <a title=\"Material Apresenta\u00e7\u00e3o FullCopyConvert\" href=\"http:\/\/www.fullcopyconvert.com.br\/DownloadFullCopyConvert\/Manual Recurso Code Implementation FullCopyConvert.pdf\" target=\"_blank\" rel=\"noopener\">Clique Aqui<\/a> e acesse o Manual Recurso Recurso <strong>Code Implementation&nbsp;<\/strong>FullCopyConvert.<br \/>\n\u2013 <a title=\"Material Apresenta\u00e7\u00e3o FullCopyConvert\" href=\"http:\/\/www.fullcopyconvert.com.br\/DownloadFullCopyConvert\/Manual Recurso Code Implementation FullCopyConvert Convertendo Campo Tipo Data.pdf\" target=\"_blank\" rel=\"noopener\">Clique Aqui<\/a> e acesse o Manual Recurso Recurso <strong>Code Implementation&nbsp;<\/strong>FullCopyConvert &#8211; Converter Data.<br \/>\n\u2013 <a title=\"Manual Corrigindo Erros de Conex\u00e3o Firebird FullCopyConvert\" href=\"http:\/\/www.fullcopyconvert.com.br\/DownloadFullCopyConvert\/Manual Corrigindo Erros de Conex\u00e3o Firebird FullCopyConvert.pdf\" target=\"_blank\" rel=\"noopener\">Clique Aqui<\/a> e acesse o&nbsp;Manual Corrigindo <strong>Erros de Conex\u00e3o Firebird<\/strong>&nbsp;FullCopyConvert.<br \/>\n\u2013 <a title=\"Manual Recurso FullCopyConvert\" href=\"http:\/\/www.fullcopyconvert.com.br\/DownloadFullCopyConvert\/Manual%20Recurso%20FullCopyConvert%20Criar%20Tabela%20de%20SQL.pdf\" target=\"_blank\" rel=\"noopener\">Clique Aqui<\/a>&nbsp;e acesse o Manual Recurso FullCopyConvert <strong>Criar Tabela Instru\u00e7\u00e3o SQL<\/strong>.<br \/>\n\u2013 <a title=\"Material Apresenta\u00e7\u00e3o FullCopyConvert\" href=\"http:\/\/www.fullcopyconvert.com.br\/DownloadFullCopyConvert\/Manual Recurso Valores Default FullCopyConvert.pdf\" target=\"_blank\" rel=\"noopener\">Clique Aqui<\/a> e acesse o Manual Recurso Recurso <strong>Valores Default<\/strong> FullCopyConvert.<br \/>\n\u2013 <a title=\"Manual Recurso FullCopyConvert\" href=\"http:\/\/www.fullcopyconvert.com.br\/DownloadFullCopyConvert\/Manual Compartilhar Projeto Convers\u00e3o FullCopyConvert.pdf\" target=\"_blank\" rel=\"noopener\">Clique Aqui<\/a>&nbsp;e acesse o Manual <strong>Compartilhar Projeto Convers\u00e3o<\/strong> FullCopyConvert.<br \/>\n\u2013 <a title=\"Manual Recurso FullCopyConvert\" href=\"http:\/\/www.fullcopyconvert.com.br\/DownloadFullCopyConvert\/Manual%20Recurso%20FullCopyConvert%20Vari%C3%A1veis%20Entrada.pdf\" target=\"_blank\" rel=\"noopener\">Clique Aqui<\/a>&nbsp;e acesse o Manual Recurso FullCopyConvert <strong>Vari\u00e1veis de Entrada<\/strong>.<br \/>\n\u2013 <a title=\"Manual Recurso FullCopyConvert\" href=\"http:\/\/www.fullcopyconvert.com.br\/DownloadFullCopyConvert\/Manual Como Modificar Tipo de Campo FullCopyConvert.pdf\" target=\"_blank\" rel=\"noopener\">Clique Aqui<\/a>&nbsp;e Acesse o Manual Como <strong>Modificar Tipo de Campo<\/strong> FullCopyConvert<br \/>\n\u2013 <a title=\"Manual Recurso FullCopyConvert\" href=\"http:\/\/www.fullcopyconvert.com.br\/DownloadFullCopyConvert\/Manual Corrigindo Situa\u00e7\u00f5es Migra\u00e7\u00e3o Paradox.pdf\" target=\"_blank\" rel=\"noopener\">Clique Aqui<\/a>&nbsp;e Acesse o Manual Corrigindo Situa\u00e7\u00f5es <strong>Migra\u00e7\u00e3o Paradox.<br \/>\n<\/strong>\u2013 <a title=\"Manual Recurso FullCopyConvert\" href=\"http:\/\/www.fullcopyconvert.com.br\/DownloadFullCopyConvert\/FullCopyConvert - Corrigindo Caracteres Especiais Paradox.pdf\" target=\"_blank\" rel=\"noopener\">Clique Aqui<\/a>&nbsp;e Acesse o Manual Corrigindo <strong>Caracteres Especias Paradox.<\/strong><br \/>\n\u2013 <a title=\"Manual Recurso FullCopyConvert\" href=\"http:\/\/www.fullcopyconvert.com.br\/DownloadFullCopyConvert\/FullCopyConvert Data - Pr\u00e1ticas Recomendadas para convers\u00e3o de dados.pdf\" target=\"_blank\" rel=\"noopener\">Clique Aqui<\/a>&nbsp;e conhe\u00e7a as Pr\u00e1ticas Recomendadas para convers\u00e3o de dados.<br \/>\n\u2013 <a title=\"Material Apresenta\u00e7\u00e3o FullCopyConvert\" href=\"http:\/\/www.fullcopyconvert.com.br\/DownloadFullCopyConvert\/FullCopyConvert%20Data.pdf\" target=\"_blank\" rel=\"noopener\">Clique Aqui<\/a> e conhe\u00e7a mais um pouco sobre o FullCopyConvert.<\/p>\n<p style=\"text-align: justify;\">\n","protected":false},"excerpt":{"rendered":"<p>\u2013 Clique Aqui e acesse o&nbsp;Manual Instala\u00e7\u00e3o, Atualiza\u00e7\u00e3o e Configura\u00e7\u00e3o do FullCopyConvert. \u2013 Clique Aqui e acesse o Quick Start do FullCopyConvert. \u2013 Clique Aqui&nbsp;e Acesse o Manual Migrando Dados Excel. \u2013 Clique Aqui&nbsp;e Acesse o Manual Migrando Dados XML. \u2013 Clique Aqui e acesse o Orienta\u00e7\u00f5es Gerais FullCopyConvert. \u2013 Clique Aqui e acesse o&nbsp;Manual <a href=\"https:\/\/www.fullcopyconvert.com.br\/wp\/?page_id=761\" rel=\"nofollow\"><span class=\"sr-only\">Leia mais sobreManuais<\/span>[&hellip;]<\/a><\/p>\n","protected":false},"author":2,"featured_media":0,"parent":0,"menu_order":0,"comment_status":"closed","ping_status":"closed","template":"","meta":{"footnotes":""},"class_list":["post-761","page","type-page","status-publish","hentry"],"_links":{"self":[{"href":"https:\/\/www.fullcopyconvert.com.br\/wp\/index.php?rest_route=\/wp\/v2\/pages\/761","targetHints":{"allow":["GET"]}}],"collection":[{"href":"https:\/\/www.fullcopyconvert.com.br\/wp\/index.php?rest_route=\/wp\/v2\/pages"}],"about":[{"href":"https:\/\/www.fullcopyconvert.com.br\/wp\/index.php?rest_route=\/wp\/v2\/types\/page"}],"author":[{"embeddable":true,"href":"https:\/\/www.fullcopyconvert.com.br\/wp\/index.php?rest_route=\/wp\/v2\/users\/2"}],"replies":[{"embeddable":true,"href":"https:\/\/www.fullcopyconvert.com.br\/wp\/index.php?rest_route=%2Fwp%2Fv2%2Fcomments&post=761"}],"version-history":[{"count":30,"href":"https:\/\/www.fullcopyconvert.com.br\/wp\/index.php?rest_route=\/wp\/v2\/pages\/761\/revisions"}],"predecessor-version":[{"id":1707,"href":"https:\/\/www.fullcopyconvert.com.br\/wp\/index.php?rest_route=\/wp\/v2\/pages\/761\/revisions\/1707"}],"wp:attachment":[{"href":"https:\/\/www.fullcopyconvert.com.br\/wp\/index.php?rest_route=%2Fwp%2Fv2%2Fmedia&parent=761"}],"curies":[{"name":"wp","href":"https:\/\/api.w.org\/{rel}","templated":true}]}}