{"id":678,"date":"2014-08-08T16:42:54","date_gmt":"2014-08-08T20:42:54","guid":{"rendered":"http:\/\/www.fullcopyconvert.com.br\/wp\/?page_id=678"},"modified":"2017-09-12T21:02:47","modified_gmt":"2017-09-13T00:02:47","slug":"quem-somos","status":"publish","type":"page","link":"https:\/\/www.fullcopyconvert.com.br\/wp\/?page_id=678","title":{"rendered":"Quem Somos"},"content":{"rendered":"<h3><span style=\"color: #808080;\">A Empresa<\/span><\/h3>\n<p style=\"text-align: justify;\">A EMSI Tecnologia \u00a0\u00e9 uma empresa especializada em solu\u00e7\u00f5es de convers\u00e3o e migra\u00e7\u00e3o de banco de dados cuja miss\u00e3o \u00e9 oferecer solu\u00e7\u00f5es inovadoras, que agreguem valor as convers\u00f5es e migra\u00e7\u00e3o de dados de nossos clientes, com uma equipe de profissionais especializados.\u00a0Crescer de forma sustent\u00e1vel e cont\u00ednua, no mercado nacional e internacional, e ser reconhecida pela qualidade de produtos e servi\u00e7os.<\/p>\n<h3><span style=\"color: #808080;\">Nosso Produto.<\/span><\/h3>\n<p>FullCopyConvert Data: Ferramenta especializada em convers\u00e3o e migra\u00e7\u00e3o de dados.<br \/>\nFullCopyConvert Service:\u00a0\u00c9 um recurso da ferramenta FullCopyConvert Data bastante \u00fatil na execu\u00e7\u00e3o de processos de ETL(Extract Transform Load) de forma autom\u00e1tica e programada.<\/p>\n","protected":false},"excerpt":{"rendered":"<p>A Empresa A EMSI Tecnologia \u00a0\u00e9 uma empresa especializada em solu\u00e7\u00f5es de convers\u00e3o e migra\u00e7\u00e3o de banco de dados cuja miss\u00e3o \u00e9 oferecer solu\u00e7\u00f5es inovadoras, que agreguem valor as convers\u00f5es e migra\u00e7\u00e3o de dados de nossos clientes, com uma equipe de profissionais especializados.\u00a0Crescer de forma sustent\u00e1vel e cont\u00ednua, no mercado nacional e internacional, e ser <a href=\"https:\/\/www.fullcopyconvert.com.br\/wp\/?page_id=678\" rel=\"nofollow\"><span class=\"sr-only\">Leia mais sobreQuem Somos<\/span>[&hellip;]<\/a><\/p>\n","protected":false},"author":2,"featured_media":0,"parent":0,"menu_order":0,"comment_status":"closed","ping_status":"closed","template":"","meta":{"footnotes":""},"class_list":["post-678","page","type-page","status-publish","hentry"],"_links":{"self":[{"href":"https:\/\/www.fullcopyconvert.com.br\/wp\/index.php?rest_route=\/wp\/v2\/pages\/678","targetHints":{"allow":["GET"]}}],"collection":[{"href":"https:\/\/www.fullcopyconvert.com.br\/wp\/index.php?rest_route=\/wp\/v2\/pages"}],"about":[{"href":"https:\/\/www.fullcopyconvert.com.br\/wp\/index.php?rest_route=\/wp\/v2\/types\/page"}],"author":[{"embeddable":true,"href":"https:\/\/www.fullcopyconvert.com.br\/wp\/index.php?rest_route=\/wp\/v2\/users\/2"}],"replies":[{"embeddable":true,"href":"https:\/\/www.fullcopyconvert.com.br\/wp\/index.php?rest_route=%2Fwp%2Fv2%2Fcomments&post=678"}],"version-history":[{"count":4,"href":"https:\/\/www.fullcopyconvert.com.br\/wp\/index.php?rest_route=\/wp\/v2\/pages\/678\/revisions"}],"predecessor-version":[{"id":1385,"href":"https:\/\/www.fullcopyconvert.com.br\/wp\/index.php?rest_route=\/wp\/v2\/pages\/678\/revisions\/1385"}],"wp:attachment":[{"href":"https:\/\/www.fullcopyconvert.com.br\/wp\/index.php?rest_route=%2Fwp%2Fv2%2Fmedia&parent=678"}],"curies":[{"name":"wp","href":"https:\/\/api.w.org\/{rel}","templated":true}]}}