{"id":54,"date":"2012-09-10T12:44:17","date_gmt":"2012-09-10T12:44:17","guid":{"rendered":"http:\/\/www.fullcopyconvert.com.br\/wp\/?page_id=54"},"modified":"2019-04-08T09:33:09","modified_gmt":"2019-04-08T13:33:09","slug":"duvidas-frequentes","status":"publish","type":"page","link":"https:\/\/www.fullcopyconvert.com.br\/wp\/?page_id=54","title":{"rendered":"D\u00favidas"},"content":{"rendered":"<p style=\"text-align: justify;\"><strong>1 &#8211; Como Funciona o Registro do FullCopyConvert Data?<\/strong><br \/>\n<strong>Resposta:<\/strong> Ao Instalar o FullCopyConvert, a licen\u00e7a ser\u00e1 gerada em modo Trial(somente para 30 Dias de acesso e algumas funcionalidades liberada (para as vers\u00f5es anteriores a 2.9 \u00e9 somente 10 dias de acesso)), e a esta\u00e7\u00e3o de trabalho onde foi instalado o programa FullCopyConvert j\u00e1 estar\u00e1 registrada e n\u00e3o necessitando comprar a licen\u00e7a para esta Esta\u00e7\u00e3o de Trabalho\/Servidor, e sim somente comprar mais dias de acesso. Caso queira registrar mais uma esta\u00e7\u00e3o de trabalho, a mesma dever\u00e1 ser adquirida uma licen\u00e7a para esta Esta\u00e7\u00e3o de Trabalho. Assim ao apontar para a base que esta instalado e registrado o FullCopyConvert, a mesma ir\u00e1 usufruir dos dias de acessos adiquiridos.<\/p>\n<p style=\"text-align: justify;\"><strong>2\u00a0&#8211; Como Comprar as Licen\u00e7as do FullCopyConvert?<\/strong><br \/>\n<strong>Resposta:<\/strong> \u00c9 muito simples, voc\u00ea dever\u00e1 acessar o menu Licen\u00e7as de Uso. Onde pode ser adquirida os Pacotes.<\/p>\n<p style=\"text-align: justify;\"><strong>3 &#8211; Como \u00e9 a Forma de Pagamento?<\/strong><br \/>\n<strong>Resposta:<\/strong> A forma de pagamento \u00e9 atrav\u00e9s do PagSeguro, ap\u00f3s fazer o pagamento dever\u00e1 enviar um e-mail registro@fullcopyconvert.com.br, juntamente com a senha da Esta\u00e7\u00e3o de Trabalho\/ou Dias de Acesso,\u00a0que pode ser obtida no menu Registrar. Ap\u00f3s a confirma\u00e7\u00e3o do d\u00e9bito ser\u00e1 enviado a contra senha para registrar-se.<\/p>\n<p style=\"text-align: justify;\"><strong>4 &#8211; Caso eu perca a Base de Dados do FullCopyConvert Data como fa\u00e7o para Registrar novamente?<\/strong><br \/>\n<strong>Resposta:<\/strong> A base de dados do FullCopyConvert instalado em seu servidor\/Esta\u00e7\u00e3o de Trabalho \u00e9 de responsabilidade da contratante, ficando a mesma\u00a0a fazer Backup\u00b4s di\u00e1rios. Caso perca a base de dados a mesma dever\u00e1 entrar em contato no seguinte e-mail registro@fullcopyconvert.com.br.\u00a0E solicitar a compra de uma Nova Licen\u00e7a.<\/p>\n<p style=\"text-align: justify;\"><strong>5 &#8211; Onde encontro a Senha para Registrar mais dias de Acesso no FullCopyConvert Data?<\/strong><br \/>\n<strong>Resposta:<\/strong> \u00c9 muito f\u00e1cil, ao abrir o FullCopyConvert clique menu Registrar e depois clique em Dias de Acesso. Neste mesmo local ir\u00e1 mostrar\u00a0os dias de acessos e a senha que dever\u00e1 ser enviada. Certifique-se que sua Esta\u00e7\u00e3o\/Servidor tenha acesso a Internet e Clique\u00a0no bot\u00e3o Enviar Senha por e-mail. Caso Queira enviar manualmente a senha, dever\u00e1 encaminhar no seguinte e-mail \u00a0registro@fullcopyconvert.com.br.<\/p>\n<p style=\"text-align: justify;\"><strong>6\u00a0&#8211; Como Fa\u00e7o para Registrar mais de uma esta\u00e7\u00e3o de Trabalho no FullCopyConvert Data?<\/strong><br \/>\n<strong>Resposta<\/strong>: \u00c9 muito Simples. Primeiro passo \u00e9 baixar o instalador do FullCopyConvert Dispon\u00edvel na parte Download do site www.fullcopyconvert.com.br,\u00a0e instalar na esta\u00e7\u00e3o de trabalho. Ao finalizar a instala\u00e7\u00e3o o Sistema ser\u00e1 iniciado, ap\u00f3s o inicio do sistema n\u00e3o dever\u00e1 clicar no bot\u00e3o\u00a0Criar, e nesse momento dever\u00e1 apontar no campo Nome Servidor o IP ou Nome do Servidor que est\u00e1 instalado a Base de Dados do FullCopyConvert.\u00a0No campo Banco de dados dever\u00e1 informar o caminho f\u00edsico instalado a Base de Dados do FullCopyConvert, informar o usu\u00e1rio e senha.\u00a0Ap\u00f3s apontar a base e clicar sobre o bot\u00e3o conectar o sistema ir\u00e1 solicitar o registro da esta\u00e7\u00e3o.<\/p>\n<p style=\"text-align: justify;\"><strong>7 &#8211; O que vem a ser a<\/strong> \u00a0<strong>Licen\u00e7a\u00a0Recurso FullCopyConvertService?<br \/>\nResposta:\u00a0<\/strong><span style=\"font-family: arial, helvetica, sans-serif;\">Esta licen\u00e7a \u00e9 para o m\u00f3dulo adicional do FullCopyConvert Data. (\u00e9 um recurso da ferramenta FullCopyConvert Data bastante \u00fatil na execu\u00e7\u00e3o de processos de ETL(Extract Transform Load) de forma autom\u00e1tica e programada. Este recurso \u00e9 muito \u00fatil para quem necessita realizar processos de ETL de forma autom\u00e1tica sem a necessidade da interven\u00e7\u00e3o de usu\u00e1rios, e sem a necessidade de haver um usu\u00e1rio logado no\u00a0<em>Windows<\/em>.\u00a0\u00c9 uma aplica\u00e7\u00e3o sem interface gr\u00e1fica e pode ser iniciada automaticamente quando o Windows \u00e9 iniciado. \u00c9 muito indicado para quem trabalha principalmente com ETL para B.I(Business Intelligence).<br \/>\n<\/span><span style=\"font-family: arial, helvetica, sans-serif;\">\u00c9 um servi\u00e7o que fica rodando no windows baseado nas configura\u00e7\u00f5es realizadas no FullCopyConvert Data. O FullCopyConvert Service \u00e9 totalmente dependente do FullCopyConvert Data, inclusive compartilha os dias de acessos adquiridos no FullCopyConvert Data. Ao adquirir dias de acesso no\u00a0<\/span><span style=\"font-family: arial, helvetica, sans-serif;\">FullCopyConvert Data o mesmo j\u00e1 estar\u00e1 dispon\u00edvel no FullCopyConvert Service, por\u00e9m para\u00a0utilizar\u00a0o FullCopyConvert Service faz necess\u00e1rio a ativa\u00e7\u00e3o do recurso atrav\u00e9s da licen\u00e7a\u00a0(<\/span><strong>Licen\u00e7a\u00a0Recurso FullCopyConvertService).<\/strong><\/p>\n<p style=\"text-align: justify;\"><strong>8\u00a0&#8211; O que vem a ser a<\/strong> <strong>Licen\u00e7a Por Esta\u00e7\u00e3o de Trabalho<\/strong><strong>?<br \/>\n<\/strong><strong>Resposta: \u00a0<\/strong>A licen\u00e7a por esta\u00e7\u00e3o e para o caso queira trabalhar com mais de uma esta\u00e7\u00e3o de trabalho. Este tipo de Licen\u00e7a \u00e9 caso queira que v\u00e1rias pessoas trabalhe no mesmo projeto de convers\u00e3o em esta\u00e7\u00f5es separadas. Caso for trabalhar somente em uma esta\u00e7\u00e3o n\u00e3o \u00e9 necess\u00e1rio a aquisi\u00e7\u00e3o desta licen\u00e7a pois ao instalar na m\u00e1quina de uso a mesma j\u00e1 ficar\u00e1 registrada. A licen\u00e7a por esta\u00e7\u00e3o de trabalho ela n\u00e3o expira, uma vez adquirida a licen\u00e7a para a esta\u00e7\u00e3o a mesma ficar\u00e1 registrada. Este tipo de licen\u00e7a\u00a0compartilha os dias de acessos adquiridos para o\u00a0FullCopyConvert Data. Caso expire os dias de acesso ir\u00e1 solicitar a aquisi\u00e7\u00e3o de novos dias de acesso e n\u00e3o a licen\u00e7a por esta\u00e7\u00e3o.<\/p>\n<p style=\"text-align: justify;\"><strong>9\u00a0&#8211; Com a vers\u00e3o trial consigo realizar os testes para qualquer Banco de dados<\/strong><strong>?<br \/>\nReposta:\u00a0<\/strong>Sim com a vers\u00e3o trial voc\u00ea ir\u00e1 conseguir realizar os testes para qualquer banco dispon\u00edvel no FullCopyConvert Data. Por\u00e9m ir\u00e1 ter limita\u00e7\u00e3o de exporta\u00e7\u00e3o de registros e 30(trinta) dias para realizar os testes.<\/p>\n<p style=\"text-align: justify;\"><strong>10\u00a0&#8211; Ao adquirir a licen\u00e7a do FullCopyConvert posso transferir a licen\u00e7a para outra esta\u00e7\u00e3o<\/strong><strong>?<br \/>\nResposta:\u00a0<\/strong>Sim voc\u00ea pode. Para realizar essa transfer\u00eancia voc\u00ea dever\u00e1 acessar o\u00a0Manual de como transferir o registro de uma esta\u00e7\u00e3o de trabalho para outra.\u00a0<a title=\"Manual Transfer\u00eancia Registro Esta\u00e7\u00e3o\" href=\"http:\/\/www.fullcopyconvert.com.br\/DownloadFullCopyConvert\/Manual%20Transfer%C3%AAncia%20Registro%20Esta%C3%A7%C3%A3o.pdf\" target=\"_blank\" rel=\"noopener noreferrer\">Clique Aqui<\/a>\u00a0e efetue o download do manual.<\/p>\n<p style=\"text-align: justify;\"><strong>11 &#8211; Como funciona a licen\u00e7a vital\u00edcia do FullCopyConvert Data<\/strong><strong>?<br \/>\nResposta:\u00a0<\/strong>A licen\u00e7a vital\u00edcia ela n\u00e3o expira, \u00e9 por tempo indeterminado, o que expira \u00e9 o tempo de atualiza\u00e7\u00e3o. Por exemplo voc\u00ea realizou o registro na data do dia 02\/04\/2016 e voc\u00ea adquiriu a licen\u00e7a vital\u00edcia + 1(um) ano de atualiza\u00e7\u00f5es; voc\u00ea poder\u00e1 atualizar o FullCopyConvert at\u00e9 a data 02\/05\/2017 para qualquer release. Ap\u00f3s o per\u00edodo de 1(um) ano e voc\u00ea tentar atualizar para uma vers\u00e3o\u00a0mais recente o FullCopyConvert ir\u00e1 pedir uma contra senha para libera\u00e7\u00e3o. Caso n\u00e3o efetue o Download de uma nova vers\u00e3o ap\u00f3s o per\u00edodo voc\u00ea poder\u00e1 utilizar normalmente a vers\u00e3o. E por acaso tenha atualizado ap\u00f3s o per\u00edodo de atualiza\u00e7\u00f5es adquiridas voc\u00ea poder\u00e1 optar em adquirir mais per\u00edodo de atualiza\u00e7\u00f5es, ou mesmo poder\u00e1 instalar a vers\u00e3o anterior a atualiza\u00e7\u00e3o.<\/p>\n<p><strong>12 &#8211; O que \u00e9 o FullCopyConvert Client e como funciona?<br \/>\nResposta:\u00a0<\/strong>O FullCopyConvert Client \u00e9 um m\u00f3dulo adicional do FullCopyConvert Data, este recurso \u00e9 muito \u00fatil para quem necessita realizar convers\u00f5es em diversos servidores. Voc\u00ea poder\u00e1 realizar as configura\u00e7\u00f5es de suas convers\u00f5es no FullCopyConvert Data e export\u00e1-las para outro servidor e utilizar o FullCopyConver Client para execut\u00e1-las. A diferen\u00e7a entre o FullCopyConvert Data e o FullCopyConvert Client \u00e9 que no Client voc\u00ea n\u00e3o poder\u00e1 realizar nenhuma manuten\u00e7\u00e3o em seu projeto, voc\u00ea poder\u00e1 apenas execut\u00e1-los. A quarta etapa de configura\u00e7\u00f5es do FullCopyConvert Data n\u00e3o est\u00e1 dispon\u00edvel no FullCopyConvert Client entre outros recursos. No Client voc\u00ea poder\u00e1 importar os projetos, modificar as conex\u00f5es de origem e destino, selecionar as tabelas que deseja converter, informar as vari\u00e1veis de entrada e realizar de\/paras.<\/p>\n","protected":false},"excerpt":{"rendered":"<p>1 &#8211; Como Funciona o Registro do FullCopyConvert Data? Resposta: Ao Instalar o FullCopyConvert, a licen\u00e7a ser\u00e1 gerada em modo Trial(somente para 30 Dias de acesso e algumas funcionalidades liberada (para as vers\u00f5es anteriores a 2.9 \u00e9 somente 10 dias de acesso)), e a esta\u00e7\u00e3o de trabalho onde foi instalado o programa FullCopyConvert j\u00e1 estar\u00e1 <a href=\"https:\/\/www.fullcopyconvert.com.br\/wp\/?page_id=54\" rel=\"nofollow\"><span class=\"sr-only\">Leia mais sobreD\u00favidas<\/span>[&hellip;]<\/a><\/p>\n","protected":false},"author":2,"featured_media":0,"parent":0,"menu_order":0,"comment_status":"closed","ping_status":"open","template":"","meta":{"footnotes":""},"class_list":["post-54","page","type-page","status-publish","hentry"],"_links":{"self":[{"href":"https:\/\/www.fullcopyconvert.com.br\/wp\/index.php?rest_route=\/wp\/v2\/pages\/54","targetHints":{"allow":["GET"]}}],"collection":[{"href":"https:\/\/www.fullcopyconvert.com.br\/wp\/index.php?rest_route=\/wp\/v2\/pages"}],"about":[{"href":"https:\/\/www.fullcopyconvert.com.br\/wp\/index.php?rest_route=\/wp\/v2\/types\/page"}],"author":[{"embeddable":true,"href":"https:\/\/www.fullcopyconvert.com.br\/wp\/index.php?rest_route=\/wp\/v2\/users\/2"}],"replies":[{"embeddable":true,"href":"https:\/\/www.fullcopyconvert.com.br\/wp\/index.php?rest_route=%2Fwp%2Fv2%2Fcomments&post=54"}],"version-history":[{"count":18,"href":"https:\/\/www.fullcopyconvert.com.br\/wp\/index.php?rest_route=\/wp\/v2\/pages\/54\/revisions"}],"predecessor-version":[{"id":1757,"href":"https:\/\/www.fullcopyconvert.com.br\/wp\/index.php?rest_route=\/wp\/v2\/pages\/54\/revisions\/1757"}],"wp:attachment":[{"href":"https:\/\/www.fullcopyconvert.com.br\/wp\/index.php?rest_route=%2Fwp%2Fv2%2Fmedia&parent=54"}],"curies":[{"name":"wp","href":"https:\/\/api.w.org\/{rel}","templated":true}]}}