{"id":2246,"date":"2022-07-02T10:56:20","date_gmt":"2022-07-02T14:56:20","guid":{"rendered":"https:\/\/www.fullcopyconvert.com.br\/wp\/?page_id=2246"},"modified":"2022-07-02T16:13:41","modified_gmt":"2022-07-02T20:13:41","slug":"carrinho","status":"publish","type":"page","link":"https:\/\/www.fullcopyconvert.com.br\/wp\/?page_id=2246","title":{"rendered":"Carrinho"},"content":{"rendered":"<div class=\"woocommerce\"><div class=\"woocommerce-notices-wrapper\"><\/div><div class=\"wc-empty-cart-message\">\n\t<div class=\"cart-empty woocommerce-info\" role=\"status\">\n\t\tSeu carrinho est\u00e1 vazio.\t<\/div>\n<\/div>\t<p class=\"return-to-shop\">\n\t\t<a class=\"button wc-backward\" href=\"https:\/\/www.fullcopyconvert.com.br\/wp\/?page_id=2245\">\n\t\t\tRetornar para a loja\t\t<\/a>\n\t<\/p>\n<\/div>\n\n\n\n<h2 class=\"wp-block-heading\">Garantia<\/h2>\n\n\n\n<p>A mercadoria s\u00f3 poder\u00e1 ser <strong>enviada para o Nome e endere\u00e7o fornecidos no cadastro do pagamento<\/strong>\u00a0ao PagSeguro ou PayPal.\u00a0As pol\u00edticas de pagamento, taxas e juros do cart\u00e3o de cr\u00e9dito s\u00e3o feitas ou cobrados pelo PagSeguro ou PayPal, consulte no site\u00a0do Pagseguro ou PayPal as politicas.<\/p>\n\n\n\n<p><strong>Garantia de 30 dias para devolu\u00e7\u00e3o do dinheiro.<\/strong> Se voc\u00ea n\u00e3o estiver satisfeito com nosso aplicativo, n\u00f3s te devolveremos seu dinheiro. Exceto para licen\u00e7a de 30 dias.&nbsp; Duvidas entre em contato com registro@fullcopyconvert.com.br<\/p>\n\n\n\n<h2 class=\"wp-block-heading\">Entrega<\/h2>\n\n\n\n<p>Entregamos a contra-senha para registro do&nbsp;software por e-mail assim que seu pedido for processado.<\/p>\n\n\n\n<h2 class=\"wp-block-heading\">Atualiza\u00e7\u00f5es<\/h2>\n\n\n\n<p>Atualize para todas as novas vers\u00f5es independente da licen\u00e7a adquirida, mesmo que lan\u00e7armos uma nova vers\u00e3o durante o&nbsp;per\u00edodo adquirido da licen\u00e7a. Renove sua licen\u00e7a para atualiza\u00e7\u00e3o a qualquer hora.<\/p>\n","protected":false},"excerpt":{"rendered":"<p>Garantia A mercadoria s\u00f3 poder\u00e1 ser enviada para o Nome e endere\u00e7o fornecidos no cadastro do pagamento\u00a0ao PagSeguro ou PayPal.\u00a0As pol\u00edticas de pagamento, taxas e juros do cart\u00e3o de cr\u00e9dito s\u00e3o feitas ou cobrados pelo PagSeguro ou PayPal, consulte no site\u00a0do Pagseguro ou PayPal as politicas. Garantia de 30 dias para devolu\u00e7\u00e3o do dinheiro. Se <a href=\"https:\/\/www.fullcopyconvert.com.br\/wp\/?page_id=2246\" rel=\"nofollow\"><span class=\"sr-only\">Leia mais sobreCarrinho<\/span>[&hellip;]<\/a><\/p>\n","protected":false},"author":1,"featured_media":0,"parent":0,"menu_order":0,"comment_status":"closed","ping_status":"closed","template":"","meta":{"footnotes":""},"class_list":["post-2246","page","type-page","status-publish","hentry"],"_links":{"self":[{"href":"https:\/\/www.fullcopyconvert.com.br\/wp\/index.php?rest_route=\/wp\/v2\/pages\/2246","targetHints":{"allow":["GET"]}}],"collection":[{"href":"https:\/\/www.fullcopyconvert.com.br\/wp\/index.php?rest_route=\/wp\/v2\/pages"}],"about":[{"href":"https:\/\/www.fullcopyconvert.com.br\/wp\/index.php?rest_route=\/wp\/v2\/types\/page"}],"author":[{"embeddable":true,"href":"https:\/\/www.fullcopyconvert.com.br\/wp\/index.php?rest_route=\/wp\/v2\/users\/1"}],"replies":[{"embeddable":true,"href":"https:\/\/www.fullcopyconvert.com.br\/wp\/index.php?rest_route=%2Fwp%2Fv2%2Fcomments&post=2246"}],"version-history":[{"count":3,"href":"https:\/\/www.fullcopyconvert.com.br\/wp\/index.php?rest_route=\/wp\/v2\/pages\/2246\/revisions"}],"predecessor-version":[{"id":2290,"href":"https:\/\/www.fullcopyconvert.com.br\/wp\/index.php?rest_route=\/wp\/v2\/pages\/2246\/revisions\/2290"}],"wp:attachment":[{"href":"https:\/\/www.fullcopyconvert.com.br\/wp\/index.php?rest_route=%2Fwp%2Fv2%2Fmedia&parent=2246"}],"curies":[{"name":"wp","href":"https:\/\/api.w.org\/{rel}","templated":true}]}}