{"id":22,"date":"2012-09-02T19:20:25","date_gmt":"2012-09-02T19:20:25","guid":{"rendered":"http:\/\/www.fullcopyconvert.com.br\/wp\/?page_id=22"},"modified":"2024-12-13T11:16:15","modified_gmt":"2024-12-13T14:16:15","slug":"download","status":"publish","type":"page","link":"https:\/\/www.fullcopyconvert.com.br\/wp\/?page_id=22","title":{"rendered":"Download"},"content":{"rendered":"<p style=\"text-align: center;\"><strong><a href=\"https:\/\/www.fullcopyconvert.com.br\/wp\/?post_type=product\"><span style=\"color: #ff0000;\">Adquira Licen\u00e7as de Uso Aqui!<\/span><\/a><\/strong><\/p>\n<p style=\"text-align: center;\"><strong>Instalador FullCopyConvert Clique Abaixo:<br \/>\n<\/strong><a href=\"http:\/\/www.fullcopyconvert.com.br\/DownloadFullCopyConvert\/Instalador%20FullCopyConvert%20Data.rar\"><br \/>\n<\/a><a href=\"https:\/\/www.fullcopyconvert.com.br\/DownloadFullCopyConvert\/Instalador%20FullCopyConvert%20Data.rar\"><img loading=\"lazy\" decoding=\"async\" class=\"wp-image-936 size-full aligncenter\" title=\"Instalador FullCopyConvert Vers\u00e3o 6.9.8 32 Bits\" src=\"http:\/\/www.fullcopyconvert.com.br\/wp\/wp-content\/uploads\/2012\/09\/Download-1.jpg\" alt=\"\" width=\"325\" height=\"125\" srcset=\"https:\/\/www.fullcopyconvert.com.br\/wp\/wp-content\/uploads\/2012\/09\/Download-1.jpg 325w, https:\/\/www.fullcopyconvert.com.br\/wp\/wp-content\/uploads\/2012\/09\/Download-1-300x115.jpg 300w\" sizes=\"auto, (max-width: 325px) 100vw, 325px\" \/><\/a><strong>(Arquivo Compactado em .rar)<\/strong><\/p>\n<p style=\"text-align: center;\"><strong>Detalhes da Vers\u00e3o 6.9.8<\/strong><\/p>\n<p style=\"text-align: justify;\"><strong>Informa\u00e7\u00f5es sobre a Vers\u00e3o:<\/strong><br \/>\n&#8211; Data\/Hora Compila\u00e7\u00e3o: 13\/12\/2024 09:33<br \/>\n&#8211; Vers\u00e3o 6.9.8<br \/>\n&#8211; Tamanho Instalador: 111 MB *32Bits<br \/>\n&#8211; Tamanho Atualizador: 102 MB *32Bits<br \/>\n&#8211; Arquivo Compactado em (.rar)<\/p>\n<p style=\"text-align: justify;\"><a href=\"http:\/\/www.fullcopyconvert.com.br\/DownloadFullCopyConvert\/FullCopyConvert%20Quick%20Start.pdf\" target=\"_blank\" rel=\"noopener noreferrer\"><img loading=\"lazy\" decoding=\"async\" class=\"aligncenter wp-image-1255 size-full\" src=\"http:\/\/www.fullcopyconvert.com.br\/wp\/wp-content\/uploads\/2012\/09\/quick-start_fullcopyconvert.png\" alt=\"\" width=\"325\" height=\"133\" srcset=\"https:\/\/www.fullcopyconvert.com.br\/wp\/wp-content\/uploads\/2012\/09\/quick-start_fullcopyconvert.png 325w, https:\/\/www.fullcopyconvert.com.br\/wp\/wp-content\/uploads\/2012\/09\/quick-start_fullcopyconvert-300x123.png 300w\" sizes=\"auto, (max-width: 325px) 100vw, 325px\" \/><\/a><\/p>\n<p style=\"text-align: justify;\">&#8211; <strong><span style=\"color: #000080;\"><a style=\"color: #000080;\" title=\"Manuais FullCopyConvert\" href=\"http:\/\/www.fullcopyconvert.com.br\/wp\/?page_id=761\">Clique aqui<\/a><\/span><\/strong> e acesse os <strong>Manuais<\/strong> do FullCopyConvert<\/p>\n<p>Caso j\u00e1 tenha a <strong>vers\u00e3o instalada<\/strong> do FullCopyConvert<span style=\"color: #0000ff;\">\u00a0<strong><a title=\"Atualizador Vers\u00e3o 6.9.8 FullCopyConvert 32 Bits\" href=\"https:\/\/www.fullcopyconvert.com.br\/DownloadFullCopyConvert\/Atualizador%20FullCopyConvert%20Data.rar\"><span style=\"color: #0000ff;\">Clique Aqui<\/span><\/a><\/strong><\/span> e Fa\u00e7a o Download da Atualiza\u00e7\u00e3o.<br \/>\n<span style=\"color: #000000; text-align: justify;\"><br \/>\n<strong>D\u00favidas na Instala\u00e7\u00e3o<\/strong>. Abaixo o v\u00eddeo de como instalar\/Atualizar e Configurar o FullCopyConvert.<\/span><\/p>\n<p><iframe loading=\"lazy\" src=\"https:\/\/www.youtube.com\/embed\/jqG43puFbQM?rel=0&amp;controls=0\" width=\"640\" height=\"360\" frameborder=\"0\" allowfullscreen=\"allowfullscreen\"><\/iframe><\/p>\n<p style=\"text-align: left;\"><strong>Est\u00e1 com erros durante a instala\u00e7\u00e3o do FullCopyConvert?\u00a0<\/strong><br \/>\n<strong><a title=\"Manual Corrigindo Erros de Conex\u00e3o Firebird FullCopyConvert\" href=\"http:\/\/www.fullcopyconvert.com.br\/DownloadFullCopyConvert\/Manual%20Corrigindo%20Erros%20de%20Conex%C3%A3o%20Firebird%20FullCopyConvert.pdf\" target=\"_blank\" rel=\"noopener noreferrer\">Clique Aqui<\/a><\/strong> e acesse o\u00a0Manual Corrigindo Erros de Conex\u00e3o Firebird &#8211; FullCopyConvert.<\/p>\n<p><img loading=\"lazy\" decoding=\"async\" class=\"alignnone wp-image-1148\" src=\"http:\/\/www.fullcopyconvert.com.br\/wp\/wp-content\/uploads\/2012\/09\/Limites-Vers\u00e3o.jpg\" alt=\"limites-versao\" width=\"641\" height=\"340\" srcset=\"https:\/\/www.fullcopyconvert.com.br\/wp\/wp-content\/uploads\/2012\/09\/Limites-Vers\u00e3o.jpg 849w, https:\/\/www.fullcopyconvert.com.br\/wp\/wp-content\/uploads\/2012\/09\/Limites-Vers\u00e3o-300x159.jpg 300w, https:\/\/www.fullcopyconvert.com.br\/wp\/wp-content\/uploads\/2012\/09\/Limites-Vers\u00e3o-768x407.jpg 768w\" sizes=\"auto, (max-width: 641px) 100vw, 641px\" \/><\/p>\n<p><script>\/\/ <![CDATA[ var _gaq = _gaq || []; _gaq.push(['_setAccount', 'UA-35874840-1']); _gaq.push(['_trackPageview']); (function() { var ga = document.createElement('script'); ga.type = 'text\/javascript'; ga.async = true; ga.src = ('https:' == document.location.protocol ? 'https:\/\/ssl' : 'http:\/\/www') + '.google-analytics.com\/ga.js'; var s = document.getElementsByTagName('script')[0]; s.parentNode.insertBefore(ga, s); })(); \/\/ ]]><\/script><\/p>\n","protected":false},"excerpt":{"rendered":"<p>Adquira Licen\u00e7as de Uso Aqui! Instalador FullCopyConvert Clique Abaixo: (Arquivo Compactado em .rar) Detalhes da Vers\u00e3o 6.9.8 Informa\u00e7\u00f5es sobre a Vers\u00e3o: &#8211; Data\/Hora Compila\u00e7\u00e3o: 13\/12\/2024 09:33 &#8211; Vers\u00e3o 6.9.8 &#8211; Tamanho Instalador: 111 MB *32Bits &#8211; Tamanho Atualizador: 102 MB *32Bits &#8211; Arquivo Compactado em (.rar) &#8211; Clique aqui e acesse os Manuais do FullCopyConvert <a href=\"https:\/\/www.fullcopyconvert.com.br\/wp\/?page_id=22\" rel=\"nofollow\"><span class=\"sr-only\">Leia mais sobreDownload<\/span>[&hellip;]<\/a><\/p>\n","protected":false},"author":2,"featured_media":0,"parent":0,"menu_order":0,"comment_status":"closed","ping_status":"open","template":"","meta":{"footnotes":""},"class_list":["post-22","page","type-page","status-publish","hentry"],"_links":{"self":[{"href":"https:\/\/www.fullcopyconvert.com.br\/wp\/index.php?rest_route=\/wp\/v2\/pages\/22","targetHints":{"allow":["GET"]}}],"collection":[{"href":"https:\/\/www.fullcopyconvert.com.br\/wp\/index.php?rest_route=\/wp\/v2\/pages"}],"about":[{"href":"https:\/\/www.fullcopyconvert.com.br\/wp\/index.php?rest_route=\/wp\/v2\/types\/page"}],"author":[{"embeddable":true,"href":"https:\/\/www.fullcopyconvert.com.br\/wp\/index.php?rest_route=\/wp\/v2\/users\/2"}],"replies":[{"embeddable":true,"href":"https:\/\/www.fullcopyconvert.com.br\/wp\/index.php?rest_route=%2Fwp%2Fv2%2Fcomments&post=22"}],"version-history":[{"count":162,"href":"https:\/\/www.fullcopyconvert.com.br\/wp\/index.php?rest_route=\/wp\/v2\/pages\/22\/revisions"}],"predecessor-version":[{"id":2463,"href":"https:\/\/www.fullcopyconvert.com.br\/wp\/index.php?rest_route=\/wp\/v2\/pages\/22\/revisions\/2463"}],"wp:attachment":[{"href":"https:\/\/www.fullcopyconvert.com.br\/wp\/index.php?rest_route=%2Fwp%2Fv2%2Fmedia&parent=22"}],"curies":[{"name":"wp","href":"https:\/\/api.w.org\/{rel}","templated":true}]}}