{"id":1847,"date":"2019-08-10T11:21:40","date_gmt":"2019-08-10T15:21:40","guid":{"rendered":"http:\/\/www.fullcopyconvert.com.br\/wp\/?page_id=1847"},"modified":"2019-08-10T11:36:58","modified_gmt":"2019-08-10T15:36:58","slug":"etl-ferramenta-etl-fullcopyconvert","status":"publish","type":"page","link":"https:\/\/www.fullcopyconvert.com.br\/wp\/","title":{"rendered":"ETL | Ferramenta ETL &#8211; FullCopyConvert"},"content":{"rendered":"\n<h2 class=\"wp-block-heading\" style=\"text-align:center\">Organize dados desorganizados e comece a analisar com mais rapidez<\/h2>\n\n\n\n<div class=\"wp-block-image\"><figure class=\"aligncenter\"><img loading=\"lazy\" decoding=\"async\" width=\"320\" height=\"132\" src=\"https:\/\/www.fullcopyconvert.com.br\/wp\/wp-content\/uploads\/2019\/08\/google.png\" alt=\"\" class=\"wp-image-1855\" srcset=\"https:\/\/www.fullcopyconvert.com.br\/wp\/wp-content\/uploads\/2019\/08\/google.png 320w, https:\/\/www.fullcopyconvert.com.br\/wp\/wp-content\/uploads\/2019\/08\/google-300x124.png 300w\" sizes=\"auto, (max-width: 320px) 100vw, 320px\" \/><\/figure><\/div>\n\n\n\n<h3 class=\"wp-block-heading\">Redefina sua experi\u00eancia de prepara\u00e7\u00e3o de dados<\/h3>\n\n\n\n<p>Com a experi\u00eancia visual e direta, voc\u00ea pode entender melhor os seus dados com o FullCopyConvert.<\/p>\n\n\n\n<h3 class=\"wp-block-heading\">Acabe com os desafios da prepara\u00e7\u00e3o de dados<\/h3>\n\n\n\n<p>Procedimentos inteligentes ajudam a economizar tempo e superar desafios comuns na prepara\u00e7\u00e3o de dados.<\/p>\n\n\n\n<h3 class=\"wp-block-heading\">Totalmente integrado ao FullCopyConvert Data<\/h3>\n\n\n\n<p>O FullCopyConvertService \u00e9 integrado ao fluxo de trabalho anal\u00edtico do FullCopyConvert Data para que voc\u00ea possa passar rapidamente da prepara\u00e7\u00e3o de dados \u00e0 an\u00e1lise.<\/p>\n\n\n\n<h3 class=\"wp-block-heading\">Conecte-se a mais dados<\/h3>\n\n\n\n<p>Conecte-se a dados hospedados localmente ou na nuvem, seja em um banco de dados ou em uma planilha. Acesse, combine e organize dados diversos. O FullCopyConvert envia as opera\u00e7\u00f5es ao banco de dados de forma inteligente quando poss\u00edvel, permitindo que voc\u00ea aproveite as tecnologias de banco de dados que j\u00e1 tem para acelerar a execu\u00e7\u00e3o de fluxo.<\/p>\n\n\n\n<figure class=\"wp-block-image\"><img loading=\"lazy\" decoding=\"async\" width=\"894\" height=\"380\" src=\"https:\/\/www.fullcopyconvert.com.br\/wp\/wp-content\/uploads\/2019\/08\/image.png\" alt=\"\" class=\"wp-image-1851\" srcset=\"https:\/\/www.fullcopyconvert.com.br\/wp\/wp-content\/uploads\/2019\/08\/image.png 894w, https:\/\/www.fullcopyconvert.com.br\/wp\/wp-content\/uploads\/2019\/08\/image-300x128.png 300w, https:\/\/www.fullcopyconvert.com.br\/wp\/wp-content\/uploads\/2019\/08\/image-768x326.png 768w\" sizes=\"auto, (max-width: 894px) 100vw, 894px\" \/><\/figure>\n\n\n\n<h2 class=\"wp-block-heading\">Sobre a FullCopyConvert<\/h2>\n\n\n\n<p>O FullCopyConvert ajuda as pessoas a transformar dados em informa\u00e7\u00f5es. Explore seus dados com uma an\u00e1lise visual sem limites. Crie projetos e fa\u00e7a an\u00e1lises sob demanda. Compartilhe seu projeto e gere um impacto positivo nos seus neg\u00f3cios. <\/p>\n","protected":false},"excerpt":{"rendered":"<p>Organize dados desorganizados e comece a analisar com mais rapidez Redefina sua experi\u00eancia de prepara\u00e7\u00e3o de dados Com a experi\u00eancia visual e direta, voc\u00ea pode entender melhor os seus dados com o FullCopyConvert. Acabe com os desafios da prepara\u00e7\u00e3o de dados Procedimentos inteligentes ajudam a economizar tempo e superar desafios comuns na prepara\u00e7\u00e3o de dados. <a href=\"https:\/\/www.fullcopyconvert.com.br\/wp\/\" rel=\"nofollow\"><span class=\"sr-only\">Leia mais sobreETL | Ferramenta ETL &#8211; FullCopyConvert<\/span>[&hellip;]<\/a><\/p>\n","protected":false},"author":2,"featured_media":0,"parent":0,"menu_order":0,"comment_status":"closed","ping_status":"closed","template":"","meta":{"footnotes":""},"class_list":["post-1847","page","type-page","status-publish","hentry"],"_links":{"self":[{"href":"https:\/\/www.fullcopyconvert.com.br\/wp\/index.php?rest_route=\/wp\/v2\/pages\/1847","targetHints":{"allow":["GET"]}}],"collection":[{"href":"https:\/\/www.fullcopyconvert.com.br\/wp\/index.php?rest_route=\/wp\/v2\/pages"}],"about":[{"href":"https:\/\/www.fullcopyconvert.com.br\/wp\/index.php?rest_route=\/wp\/v2\/types\/page"}],"author":[{"embeddable":true,"href":"https:\/\/www.fullcopyconvert.com.br\/wp\/index.php?rest_route=\/wp\/v2\/users\/2"}],"replies":[{"embeddable":true,"href":"https:\/\/www.fullcopyconvert.com.br\/wp\/index.php?rest_route=%2Fwp%2Fv2%2Fcomments&post=1847"}],"version-history":[{"count":7,"href":"https:\/\/www.fullcopyconvert.com.br\/wp\/index.php?rest_route=\/wp\/v2\/pages\/1847\/revisions"}],"predecessor-version":[{"id":1856,"href":"https:\/\/www.fullcopyconvert.com.br\/wp\/index.php?rest_route=\/wp\/v2\/pages\/1847\/revisions\/1856"}],"wp:attachment":[{"href":"https:\/\/www.fullcopyconvert.com.br\/wp\/index.php?rest_route=%2Fwp%2Fv2%2Fmedia&parent=1847"}],"curies":[{"name":"wp","href":"https:\/\/api.w.org\/{rel}","templated":true}]}}