{"id":1373,"date":"2017-09-09T17:38:26","date_gmt":"2017-09-09T20:38:26","guid":{"rendered":"http:\/\/www.fullcopyconvert.com.br\/wp\/?page_id=1373"},"modified":"2017-09-09T17:38:26","modified_gmt":"2017-09-09T20:38:26","slug":"migrar-de-oracle-para-postgres","status":"publish","type":"page","link":"https:\/\/www.fullcopyconvert.com.br\/wp\/?page_id=1373","title":{"rendered":"Migrar de Oracle para Postgres"},"content":{"rendered":"<p><strong><img loading=\"lazy\" decoding=\"async\" class=\" wp-image-1362 alignright\" src=\"http:\/\/www.fullcopyconvert.com.br\/wp\/wp-content\/uploads\/2017\/09\/Postgres.png\" alt=\"\" width=\"130\" height=\"121\" \/>FullCopyConvert<\/strong> \u00e9 uma ferramenta especializada em convers\u00e3o e migra\u00e7\u00e3o de dados.\u00a0\u00a0Oferece uma forma confort\u00e1vel e f\u00e1cil de converter suas informa\u00e7\u00f5es de um banco de dados para outro.<\/p>\n<p>&nbsp;<\/p>\n<h2>Vis\u00e3o Geral Migra\u00e7\u00e3o de Oracle para Postgres<\/h2>\n<p>A ferramenta migra os seguintes objetos e propriedades de Oracle para Postgres:<\/p>\n<ul>\n<li>Converte as defini\u00e7\u00f5es de colunas &#8211; tipos de dados, restri\u00e7\u00f5es N\u00c3O-NULOS.<\/li>\n<li>Converte as restri\u00e7\u00f5es de integridade &#8211; chaves prim\u00e1rias e estrangeiras, restri\u00e7\u00f5es exclusivas.<\/li>\n<li>Converte os \u00cdndices, Uniques.<\/li>\n<li>Transfere os dados.<\/li>\n<li>Gera scripts\u00a0na sintaxe de Postgres.<\/li>\n<\/ul>\n<h2>Por que usar o FullCopyConvert para a Migra\u00e7\u00e3o de Oracle para Postgres<\/h2>\n<p style=\"padding-left: 30px;\">O FullCopyConvert garante um baixo custo e automa\u00e7\u00e3o na migra\u00e7\u00e3o de Oracle para Postgres.<\/p>\n<ul>\n<li><b>Automa\u00e7\u00e3o todas as fases de migra\u00e7\u00e3o<\/b>\n<ul>\n<li>Fase 1: Criar Projeto.<\/li>\n<li>Fase 2: Conex\u00e3o Base de dados de Origem e Destino<\/li>\n<li>Fase 3: Anota\u00e7\u00f5es<\/li>\n<li>Fase 4: Cria\u00e7\u00e3o Tabelas, Indices, Uniques, Foreign Key &#8211; Mapeamento de Tabelas e campos.<\/li>\n<li>Fase 5: Selecione as tabelas a serem convertidas<\/li>\n<li>Fase 6: Execute o processo de convers\u00e3o dos dados.<\/li>\n<\/ul>\n<\/li>\n<li><b>Suporte de Linha de Comando<\/b>\u00a0pode ajudar a automatizar o processo de migra\u00e7\u00e3o<\/li>\n<li><b>Corre\u00e7\u00e3o R\u00e1pida<\/b>\u00a0&#8211; Corre\u00e7\u00f5es dentro de 1-5 dias \u00fateis.<\/li>\n<li><b>Baixo Custo<\/b>\u00a0&#8211; Oferecemos pre\u00e7os flex\u00edveis.<\/li>\n<li>\n<div><strong>M\u00e1ximo controle<\/strong>\u00a0&#8211; Temos uma tela de personaliza\u00e7\u00e3o por tabela onde voc\u00ea pode ajustar praticamente tudo de uma determinada tabela: especificar a express\u00e3o SQL empregada para obter dados, ignorar algumas<\/div>\n<div>colunas ou introduzir novas durante a execu\u00e7\u00e3o. Al\u00e9m de atribuir valores default e incluir auto incrementos em determinados campos.<\/div>\n<\/li>\n<\/ul>\n<p style=\"padding-left: 30px;\"><em>Leia mais sobre os Benef\u00edcios Principais de FullCopyConvert<\/em> &#8211;\u00a0<a title=\"Material Apresenta\u00e7\u00e3o FullCopyConvert\" href=\"http:\/\/www.fullcopyconvert.com.br\/DownloadFullCopyConvert\/FullCopyConvert%20Data.pdf\" target=\"_blank\" rel=\"noopener\">Clique Aqui<\/a><\/p>\n<p style=\"text-align: center;\"><iframe loading=\"lazy\" src=\"https:\/\/www.youtube.com\/embed\/NaXCanWTd_E?rel=0&amp;controls=0\" width=\"640\" height=\"360\" frameborder=\"0\" allowfullscreen=\"allowfullscreen\"><\/iframe><\/p>\n<p style=\"padding-left: 30px; text-align: center;\"><em><strong><a title=\"Manuais FullCopyConvert\" href=\"http:\/\/www.fullcopyconvert.com.br\/wp\/?page_id=761\" target=\"_blank\" rel=\"noopener\">Clique aqui<\/a><\/strong> e acesse os <strong>Manuais<\/strong> do FullCopyConvert<\/em><\/p>\n<p><img loading=\"lazy\" decoding=\"async\" class=\"wp-image-1148 aligncenter\" src=\"http:\/\/www.fullcopyconvert.com.br\/wp\/wp-content\/uploads\/2012\/09\/Limites-Vers\u00e3o.jpg\" alt=\"\" width=\"700\" height=\"371\" srcset=\"https:\/\/www.fullcopyconvert.com.br\/wp\/wp-content\/uploads\/2012\/09\/Limites-Vers\u00e3o.jpg 849w, https:\/\/www.fullcopyconvert.com.br\/wp\/wp-content\/uploads\/2012\/09\/Limites-Vers\u00e3o-300x159.jpg 300w, https:\/\/www.fullcopyconvert.com.br\/wp\/wp-content\/uploads\/2012\/09\/Limites-Vers\u00e3o-768x407.jpg 768w\" sizes=\"auto, (max-width: 700px) 100vw, 700px\" \/><\/p>\n<p style=\"text-align: center;\"><em>Quando precisar migrar\u00a0de<strong> Oracle para Postgres<\/strong>\u00a0estamos aqui para ajud\u00e1-lo!<\/em><\/p>\n<p style=\"text-align: center;\">Fa\u00e7a os testes e realize o download da vers\u00e3o trial.<\/p>\n<p style=\"text-align: center;\"><a href=\"http:\/\/www.fullcopyconvert.com.br\/download\" target=\"_blank\" rel=\"http:\/\/www.fullcopyconvert.com.br\/download noopener\"><img loading=\"lazy\" decoding=\"async\" class=\"aligncenter wp-image-936 size-full\" src=\"http:\/\/www.fullcopyconvert.com.br\/wp\/wp-content\/uploads\/2012\/09\/Download-1.jpg\" alt=\"\" width=\"325\" height=\"125\" srcset=\"https:\/\/www.fullcopyconvert.com.br\/wp\/wp-content\/uploads\/2012\/09\/Download-1.jpg 325w, https:\/\/www.fullcopyconvert.com.br\/wp\/wp-content\/uploads\/2012\/09\/Download-1-300x115.jpg 300w\" sizes=\"auto, (max-width: 325px) 100vw, 325px\" \/><\/a><\/p>\n<p style=\"text-align: center;\">Duvidas estamos \u00e0 disposi\u00e7\u00e3o entre em <a href=\"http:\/\/www.fullcopyconvert.com.br\/wp\/?page_id=10\" target=\"_blank\" rel=\"noopener\">contato<\/a>. \ud83d\ude09<\/p>\n","protected":false},"excerpt":{"rendered":"<p>FullCopyConvert \u00e9 uma ferramenta especializada em convers\u00e3o e migra\u00e7\u00e3o de dados.\u00a0\u00a0Oferece uma forma confort\u00e1vel e f\u00e1cil de converter suas informa\u00e7\u00f5es de um banco de dados para outro. &nbsp; Vis\u00e3o Geral Migra\u00e7\u00e3o de Oracle para Postgres A ferramenta migra os seguintes objetos e propriedades de Oracle para Postgres: Converte as defini\u00e7\u00f5es de colunas &#8211; tipos de <a href=\"https:\/\/www.fullcopyconvert.com.br\/wp\/?page_id=1373\" rel=\"nofollow\"><span class=\"sr-only\">Leia mais sobreMigrar de Oracle para Postgres<\/span>[&hellip;]<\/a><\/p>\n","protected":false},"author":2,"featured_media":0,"parent":0,"menu_order":0,"comment_status":"closed","ping_status":"closed","template":"","meta":{"footnotes":""},"class_list":["post-1373","page","type-page","status-publish","hentry"],"_links":{"self":[{"href":"https:\/\/www.fullcopyconvert.com.br\/wp\/index.php?rest_route=\/wp\/v2\/pages\/1373","targetHints":{"allow":["GET"]}}],"collection":[{"href":"https:\/\/www.fullcopyconvert.com.br\/wp\/index.php?rest_route=\/wp\/v2\/pages"}],"about":[{"href":"https:\/\/www.fullcopyconvert.com.br\/wp\/index.php?rest_route=\/wp\/v2\/types\/page"}],"author":[{"embeddable":true,"href":"https:\/\/www.fullcopyconvert.com.br\/wp\/index.php?rest_route=\/wp\/v2\/users\/2"}],"replies":[{"embeddable":true,"href":"https:\/\/www.fullcopyconvert.com.br\/wp\/index.php?rest_route=%2Fwp%2Fv2%2Fcomments&post=1373"}],"version-history":[{"count":1,"href":"https:\/\/www.fullcopyconvert.com.br\/wp\/index.php?rest_route=\/wp\/v2\/pages\/1373\/revisions"}],"predecessor-version":[{"id":1374,"href":"https:\/\/www.fullcopyconvert.com.br\/wp\/index.php?rest_route=\/wp\/v2\/pages\/1373\/revisions\/1374"}],"wp:attachment":[{"href":"https:\/\/www.fullcopyconvert.com.br\/wp\/index.php?rest_route=%2Fwp%2Fv2%2Fmedia&parent=1373"}],"curies":[{"name":"wp","href":"https:\/\/api.w.org\/{rel}","templated":true}]}}