{"id":1308,"date":"2017-08-05T15:09:25","date_gmt":"2017-08-05T19:09:25","guid":{"rendered":"http:\/\/www.fullcopyconvert.com.br\/wp\/?page_id=1308"},"modified":"2017-08-05T15:09:25","modified_gmt":"2017-08-05T19:09:25","slug":"migrar-de-access-para-mysql","status":"publish","type":"page","link":"https:\/\/www.fullcopyconvert.com.br\/wp\/?page_id=1308","title":{"rendered":"Migrar de Access para MySQL"},"content":{"rendered":"<p><strong><img loading=\"lazy\" decoding=\"async\" class=\"wp-image-1309 alignright\" src=\"http:\/\/www.fullcopyconvert.com.br\/wp\/wp-content\/uploads\/2017\/08\/mysql.jpg\" alt=\"\" width=\"179\" height=\"111\" srcset=\"https:\/\/www.fullcopyconvert.com.br\/wp\/wp-content\/uploads\/2017\/08\/mysql.jpg 2152w, https:\/\/www.fullcopyconvert.com.br\/wp\/wp-content\/uploads\/2017\/08\/mysql-300x185.jpg 300w, https:\/\/www.fullcopyconvert.com.br\/wp\/wp-content\/uploads\/2017\/08\/mysql-768x474.jpg 768w, https:\/\/www.fullcopyconvert.com.br\/wp\/wp-content\/uploads\/2017\/08\/mysql-1024x632.jpg 1024w\" sizes=\"auto, (max-width: 179px) 100vw, 179px\" \/>FullCopyConvert<\/strong> \u00e9 uma ferramenta especializada em convers\u00e3o e migra\u00e7\u00e3o de dados. oferece uma forma confort\u00e1vel e f\u00e1cil de converter suas informa\u00e7\u00f5es de um banco de dados para outro.<\/p>\n<h2>Vis\u00e3o Geral Migra\u00e7\u00e3o de Access para MySQL<\/h2>\n<p>A ferramenta migra os seguintes objetos e propriedades de Access para MySQL:<\/p>\n<ul>\n<li>Converte as defini\u00e7\u00f5es de colunas &#8211; tipos de dados, restri\u00e7\u00f5es N\u00c3O-NULOS.<\/li>\n<li>Converte as restri\u00e7\u00f5es de integridade &#8211; chaves prim\u00e1rias.<\/li>\n<li>Converte os \u00cdndices.<\/li>\n<li>Transfere os dados.<\/li>\n<li>Gera scripts na sintaxe de MySQL.<\/li>\n<\/ul>\n<h2>Por que usar o FullCopyConvert para a Migra\u00e7\u00e3o de Access para MySQL<\/h2>\n<p style=\"padding-left: 30px;\">O FullCopyConvert garante um baixo custo e automa\u00e7\u00e3o na migra\u00e7\u00e3o de Access para MySQL.<\/p>\n<ul>\n<li><b>Automa\u00e7\u00e3o todas as fases de migra\u00e7\u00e3o<\/b>\n<ul>\n<li>Fase 1: Criar Projeto.<\/li>\n<li>Fase 2: Conex\u00e3o Base de dados de Origem e Destino<\/li>\n<li>Fase 3: Anota\u00e7\u00f5es<\/li>\n<li>Fase 4: Cria\u00e7\u00e3o Tabelas, Indices &#8211; Mapeamento de Tabelas e campos.<\/li>\n<li>Fase 5: Selecione as tabelas a serem convertidas<\/li>\n<li>Fase 6: Execute o processo de convers\u00e3o dos dados.<\/li>\n<\/ul>\n<\/li>\n<li><b>Suporte de Linha de Comando<\/b> pode ajudar a automatizar o processo de migra\u00e7\u00e3o<\/li>\n<li><b>Corre\u00e7\u00e3o R\u00e1pida<\/b> &#8211; Corre\u00e7\u00f5es dentro de 1-5 dias \u00fateis.<\/li>\n<li><b>Baixo Custo<\/b> &#8211; Oferecemos pre\u00e7os flex\u00edveis.<\/li>\n<li>\n<div><strong>M\u00e1ximo controle<\/strong> &#8211; Temos uma tela de personaliza\u00e7\u00e3o por tabela onde voc\u00ea pode ajustar praticamente tudo de uma determinada tabela: especificar a express\u00e3o SQL empregada para obter dados, ignorar algumas<\/div>\n<div>colunas ou introduzir novas durante a execu\u00e7\u00e3o. Al\u00e9m de atribuir valores default e incluir auto incrementos em determinados campos.<\/div>\n<\/li>\n<\/ul>\n<p style=\"padding-left: 30px;\"><em>Leia mais sobre os Principais Benef\u00edcios de FullCopyConvert<\/em> &#8211; <a title=\"Material Apresenta\u00e7\u00e3o FullCopyConvert\" href=\"http:\/\/www.fullcopyconvert.com.br\/DownloadFullCopyConvert\/FullCopyConvert%20Data.pdf\" target=\"_blank\" rel=\"noopener\">Clique Aqui<\/a><\/p>\n<p style=\"text-align: center;\"><iframe loading=\"lazy\" src=\"https:\/\/www.youtube.com\/embed\/NaXCanWTd_E?rel=0&amp;controls=0\" width=\"640\" height=\"360\" frameborder=\"0\" allowfullscreen=\"allowfullscreen\"><\/iframe><\/p>\n<p style=\"text-align: left; padding-left: 30px;\"><em><strong><a title=\"Manuais FullCopyConvert\" href=\"http:\/\/www.fullcopyconvert.com.br\/wp\/?page_id=761\" target=\"_blank\" rel=\"noopener\">Clique aqui<\/a><\/strong> e acesse os <strong>Manuais<\/strong> do FullCopyConvert<\/em><\/p>\n<p><img loading=\"lazy\" decoding=\"async\" class=\"wp-image-1148 aligncenter\" src=\"http:\/\/www.fullcopyconvert.com.br\/wp\/wp-content\/uploads\/2012\/09\/Limites-Vers\u00e3o.jpg\" alt=\"\" width=\"700\" height=\"371\" srcset=\"https:\/\/www.fullcopyconvert.com.br\/wp\/wp-content\/uploads\/2012\/09\/Limites-Vers\u00e3o.jpg 849w, https:\/\/www.fullcopyconvert.com.br\/wp\/wp-content\/uploads\/2012\/09\/Limites-Vers\u00e3o-300x159.jpg 300w, https:\/\/www.fullcopyconvert.com.br\/wp\/wp-content\/uploads\/2012\/09\/Limites-Vers\u00e3o-768x407.jpg 768w\" sizes=\"auto, (max-width: 700px) 100vw, 700px\" \/><\/p>\n<p style=\"text-align: center;\"><em>Quando precisar migrar de<strong> Access para MySQL<\/strong> estamos aqui para ajud\u00e1-lo!<\/em><\/p>\n<p style=\"text-align: center;\">Fa\u00e7a os testes e realize o download da vers\u00e3o trial.<\/p>\n<p style=\"text-align: center;\"><a href=\"http:\/\/www.fullcopyconvert.com.br\/download\" target=\"_blank\" rel=\"http:\/\/www.fullcopyconvert.com.br\/download noopener\"><img loading=\"lazy\" decoding=\"async\" class=\"aligncenter wp-image-936 size-full\" src=\"http:\/\/www.fullcopyconvert.com.br\/wp\/wp-content\/uploads\/2012\/09\/Download-1.jpg\" alt=\"\" width=\"325\" height=\"125\" srcset=\"https:\/\/www.fullcopyconvert.com.br\/wp\/wp-content\/uploads\/2012\/09\/Download-1.jpg 325w, https:\/\/www.fullcopyconvert.com.br\/wp\/wp-content\/uploads\/2012\/09\/Download-1-300x115.jpg 300w\" sizes=\"auto, (max-width: 325px) 100vw, 325px\" \/><\/a><\/p>\n<p style=\"text-align: center;\">Duvidas estamos \u00e0 disposi\u00e7\u00e3o entre em <a href=\"http:\/\/www.fullcopyconvert.com.br\/wp\/?page_id=10\" target=\"_blank\" rel=\"noopener\">contato<\/a>. \ud83d\ude09<\/p>\n<p><a href=\"http:\/\/www.fullcopyconvert.com.br\/DownloadFullCopyConvert\/FullCopyConvert%20Quick%20Start.pdf\" target=\"_blank\" rel=\"http:\/\/www.fullcopyconvert.com.br\/DownloadFullCopyConvert\/FullCopyConvert%20Quick%20Start.pdf noopener\"><img loading=\"lazy\" decoding=\"async\" class=\"aligncenter wp-image-1255 size-full\" src=\"http:\/\/www.fullcopyconvert.com.br\/wp\/wp-content\/uploads\/2012\/09\/quick-start_fullcopyconvert.png\" alt=\"\" width=\"325\" height=\"133\" srcset=\"https:\/\/www.fullcopyconvert.com.br\/wp\/wp-content\/uploads\/2012\/09\/quick-start_fullcopyconvert.png 325w, https:\/\/www.fullcopyconvert.com.br\/wp\/wp-content\/uploads\/2012\/09\/quick-start_fullcopyconvert-300x123.png 300w\" sizes=\"auto, (max-width: 325px) 100vw, 325px\" \/><\/a><\/p>\n","protected":false},"excerpt":{"rendered":"<p>FullCopyConvert \u00e9 uma ferramenta especializada em convers\u00e3o e migra\u00e7\u00e3o de dados. oferece uma forma confort\u00e1vel e f\u00e1cil de converter suas informa\u00e7\u00f5es de um banco de dados para outro. Vis\u00e3o Geral Migra\u00e7\u00e3o de Access para MySQL A ferramenta migra os seguintes objetos e propriedades de Access para MySQL: Converte as defini\u00e7\u00f5es de colunas &#8211; tipos de <a href=\"https:\/\/www.fullcopyconvert.com.br\/wp\/?page_id=1308\" rel=\"nofollow\"><span class=\"sr-only\">Leia mais sobreMigrar de Access para MySQL<\/span>[&hellip;]<\/a><\/p>\n","protected":false},"author":2,"featured_media":0,"parent":0,"menu_order":0,"comment_status":"closed","ping_status":"closed","template":"","meta":{"footnotes":""},"class_list":["post-1308","page","type-page","status-publish","hentry"],"_links":{"self":[{"href":"https:\/\/www.fullcopyconvert.com.br\/wp\/index.php?rest_route=\/wp\/v2\/pages\/1308","targetHints":{"allow":["GET"]}}],"collection":[{"href":"https:\/\/www.fullcopyconvert.com.br\/wp\/index.php?rest_route=\/wp\/v2\/pages"}],"about":[{"href":"https:\/\/www.fullcopyconvert.com.br\/wp\/index.php?rest_route=\/wp\/v2\/types\/page"}],"author":[{"embeddable":true,"href":"https:\/\/www.fullcopyconvert.com.br\/wp\/index.php?rest_route=\/wp\/v2\/users\/2"}],"replies":[{"embeddable":true,"href":"https:\/\/www.fullcopyconvert.com.br\/wp\/index.php?rest_route=%2Fwp%2Fv2%2Fcomments&post=1308"}],"version-history":[{"count":1,"href":"https:\/\/www.fullcopyconvert.com.br\/wp\/index.php?rest_route=\/wp\/v2\/pages\/1308\/revisions"}],"predecessor-version":[{"id":1310,"href":"https:\/\/www.fullcopyconvert.com.br\/wp\/index.php?rest_route=\/wp\/v2\/pages\/1308\/revisions\/1310"}],"wp:attachment":[{"href":"https:\/\/www.fullcopyconvert.com.br\/wp\/index.php?rest_route=%2Fwp%2Fv2%2Fmedia&parent=1308"}],"curies":[{"name":"wp","href":"https:\/\/api.w.org\/{rel}","templated":true}]}}