{"id":10,"date":"2012-09-02T18:53:55","date_gmt":"2012-09-02T18:53:55","guid":{"rendered":"http:\/\/www.fullcopyconvert.com.br\/wp\/?page_id=10"},"modified":"2021-05-14T11:39:47","modified_gmt":"2021-05-14T15:39:47","slug":"contato","status":"publish","type":"page","link":"https:\/\/www.fullcopyconvert.com.br\/wp\/?page_id=10","title":{"rendered":"Contato"},"content":{"rendered":"<h1><img loading=\"lazy\" decoding=\"async\" class=\"size-full wp-image-951 aligncenter\" src=\"https:\/\/www.fullcopyconvert.com.br\/wp\/wp-content\/uploads\/2012\/09\/contacte-nos.png\" alt=\"contacte-nos\" width=\"260\" height=\"187\" \/><\/h1>\n<p style=\"text-align: justify;\">Forma preferida de entrar em contato conosco \u00e9 por e-mail, pois d\u00e1-nos tempo para analisar o seu problema e dar-lhe uma resposta focada.<\/p>\n<p style=\"text-align: justify;\">N\u00f3s normalmente responderemos o seu e-mail dentro de poucas horas e muitas vezes em poucos minutos.<\/p>\n<blockquote>\n<h3>Quest\u00f5es gerais<\/h3>\n<p><span style=\"color: #000080;\"><span style=\"color: #000080;\">info@fullcopyconvert.com.br<\/span><\/span><\/p>\n<h3>Vendas quest\u00f5es relacionadas<\/h3>\n<p><span style=\"color: #000080;\">registro@fullcopyconvert.com.br<br \/>\n<\/span><\/p>\n<h3>Consultoria nos Processos de\u00a0ETL<\/h3>\n<address><span style=\"color: #000080;\">consultoria@fullcopyconvert.com.br<\/span><\/address>\n<\/blockquote>\n<blockquote>\n<h2>Apoiar<\/h2>\n<h3 style=\"text-align: justify;\">Problemas com o uso de nossos programas ou quest\u00f5es simplesmente t\u00e9cnicas?<\/h3>\n<p><span style=\"color: #333399;\">suporte@fullcopyconvert.com.br<\/span><\/p>\n<p style=\"text-align: center;\">\n<\/blockquote>\n<p><script>\/\/ <![CDATA[ var _gaq = _gaq || []; _gaq.push(['_setAccount', 'UA-35874840-1']); _gaq.push(['_trackPageview']); (function() { var ga = document.createElement('script'); ga.type = 'text\/javascript'; ga.async = true; ga.src = ('https:' == document.location.protocol ? 'https:\/\/ssl' : 'http:\/\/www') + '.google-analytics.com\/ga.js'; var s = document.getElementsByTagName('script')[0]; s.parentNode.insertBefore(ga, s); })(); \/\/ ]]><span data-mce-type=\"bookmark\" style=\"display: inline-block; width: 0px; overflow: hidden; line-height: 0;\" class=\"mce_SELRES_start\">\ufeff<\/span><\/script><\/p>\n","protected":false},"excerpt":{"rendered":"<p>Forma preferida de entrar em contato conosco \u00e9 por e-mail, pois d\u00e1-nos tempo para analisar o seu problema e dar-lhe uma resposta focada. N\u00f3s normalmente responderemos o seu e-mail dentro de poucas horas e muitas vezes em poucos minutos. Quest\u00f5es gerais info@fullcopyconvert.com.br Vendas quest\u00f5es relacionadas registro@fullcopyconvert.com.br Consultoria nos Processos de\u00a0ETL consultoria@fullcopyconvert.com.br Apoiar Problemas com o <a href=\"https:\/\/www.fullcopyconvert.com.br\/wp\/?page_id=10\" rel=\"nofollow\"><span class=\"sr-only\">Leia mais sobreContato<\/span>[&hellip;]<\/a><\/p>\n","protected":false},"author":2,"featured_media":0,"parent":0,"menu_order":0,"comment_status":"closed","ping_status":"open","template":"","meta":{"footnotes":""},"class_list":["post-10","page","type-page","status-publish","hentry"],"_links":{"self":[{"href":"https:\/\/www.fullcopyconvert.com.br\/wp\/index.php?rest_route=\/wp\/v2\/pages\/10","targetHints":{"allow":["GET"]}}],"collection":[{"href":"https:\/\/www.fullcopyconvert.com.br\/wp\/index.php?rest_route=\/wp\/v2\/pages"}],"about":[{"href":"https:\/\/www.fullcopyconvert.com.br\/wp\/index.php?rest_route=\/wp\/v2\/types\/page"}],"author":[{"embeddable":true,"href":"https:\/\/www.fullcopyconvert.com.br\/wp\/index.php?rest_route=\/wp\/v2\/users\/2"}],"replies":[{"embeddable":true,"href":"https:\/\/www.fullcopyconvert.com.br\/wp\/index.php?rest_route=%2Fwp%2Fv2%2Fcomments&post=10"}],"version-history":[{"count":20,"href":"https:\/\/www.fullcopyconvert.com.br\/wp\/index.php?rest_route=\/wp\/v2\/pages\/10\/revisions"}],"predecessor-version":[{"id":2109,"href":"https:\/\/www.fullcopyconvert.com.br\/wp\/index.php?rest_route=\/wp\/v2\/pages\/10\/revisions\/2109"}],"wp:attachment":[{"href":"https:\/\/www.fullcopyconvert.com.br\/wp\/index.php?rest_route=%2Fwp%2Fv2%2Fmedia&parent=10"}],"curies":[{"name":"wp","href":"https:\/\/api.w.org\/{rel}","templated":true}]}}